{"id":1706,"date":"2021-10-25T12:11:59","date_gmt":"2021-10-25T10:11:59","guid":{"rendered":"https:\/\/medtronv2.bluealpha.de\/?page_id=1706"},"modified":"2022-12-10T11:58:23","modified_gmt":"2022-12-10T09:58:23","slug":"sets","status":"publish","type":"page","link":"https:\/\/medtron.zeitraum.dev\/zh\/%e8%80%97%e6%9d%90\/%e8%80%97%e6%9d%90%e5%a5%97%e8%a3%85\/","title":{"rendered":"\u8017\u6750\u5957\u88c5"},"content":{"rendered":"<div data-elementor-type=\"wp-page\" data-elementor-id=\"1706\" class=\"elementor elementor-1706\">\n\t\t\t\t\t\t<section class=\"elementor-section elementor-top-section elementor-element elementor-element-1f8c4d1c content-block full-width elementor-section-boxed elementor-section-height-default elementor-section-height-default parallax_section_no qode_elementor_container_no\" data-id=\"1f8c4d1c\" data-element_type=\"section\">\n\t\t\t\t\t\t<div class=\"elementor-container elementor-column-gap-default\">\n\t\t\t\t\t<div class=\"elementor-column elementor-col-100 elementor-top-column elementor-element elementor-element-13f8c4cc\" data-id=\"13f8c4cc\" data-element_type=\"column\">\n\t\t\t<div class=\"elementor-widget-wrap elementor-element-populated\">\n\t\t\t\t\t\t<section class=\"elementor-section elementor-inner-section elementor-element elementor-element-14488b7b elementor-section-boxed elementor-section-height-default elementor-section-height-default parallax_section_no qode_elementor_container_no\" data-id=\"14488b7b\" data-element_type=\"section\">\n\t\t\t\t\t\t<div class=\"elementor-container elementor-column-gap-default\">\n\t\t\t\t\t<div class=\"elementor-column elementor-col-100 elementor-inner-column elementor-element elementor-element-4415b3e6\" data-id=\"4415b3e6\" data-element_type=\"column\">\n\t\t\t<div class=\"elementor-widget-wrap elementor-element-populated\">\n\t\t\t\t\t\t<div class=\"elementor-element elementor-element-5f3e2c65 elementor-widget elementor-widget-heading\" data-id=\"5f3e2c65\" data-element_type=\"widget\" data-widget_type=\"heading.default\">\n\t\t\t\t<div class=\"elementor-widget-container\">\n\t\t\t<style>\/*! elementor - v3.23.0 - 15-07-2024 *\/\n.elementor-heading-title{padding:0;margin:0;line-height:1}.elementor-widget-heading .elementor-heading-title[class*=elementor-size-]>a{color:inherit;font-size:inherit;line-height:inherit}.elementor-widget-heading .elementor-heading-title.elementor-size-small{font-size:15px}.elementor-widget-heading .elementor-heading-title.elementor-size-medium{font-size:19px}.elementor-widget-heading .elementor-heading-title.elementor-size-large{font-size:29px}.elementor-widget-heading .elementor-heading-title.elementor-size-xl{font-size:39px}.elementor-widget-heading .elementor-heading-title.elementor-size-xxl{font-size:59px}<\/style><h1 class=\"elementor-heading-title elementor-size-default\">\u8017\u6750\u5957\u88c5<\/h1>\t\t<\/div>\n\t\t\t\t<\/div>\n\t\t\t\t<div class=\"elementor-element elementor-element-c9a5b43 elementor-widget elementor-widget-text-editor\" data-id=\"c9a5b43\" data-element_type=\"widget\" data-widget_type=\"text-editor.default\">\n\t\t\t\t<div class=\"elementor-widget-container\">\n\t\t\t<style>\/*! elementor - v3.23.0 - 15-07-2024 *\/\n.elementor-widget-text-editor.elementor-drop-cap-view-stacked .elementor-drop-cap{background-color:#69727d;color:#fff}.elementor-widget-text-editor.elementor-drop-cap-view-framed .elementor-drop-cap{color:#69727d;border:3px solid;background-color:transparent}.elementor-widget-text-editor:not(.elementor-drop-cap-view-default) .elementor-drop-cap{margin-top:8px}.elementor-widget-text-editor:not(.elementor-drop-cap-view-default) .elementor-drop-cap-letter{width:1em;height:1em}.elementor-widget-text-editor .elementor-drop-cap{float:left;text-align:center;line-height:1;font-size:50px}.elementor-widget-text-editor .elementor-drop-cap-letter{display:inline-block}<\/style>\t\t\t\t<h2 class=\"magenta_small\">\u7528\u4e8eCT\u548cMR\u7684\u6d88\u8017\u54c1<\/h2>\t\t\t\t\t\t<\/div>\n\t\t\t\t<\/div>\n\t\t\t\t\t<\/div>\n\t\t<\/div>\n\t\t\t\t\t<\/div>\n\t\t<\/section>\n\t\t\t\t\t<\/div>\n\t\t<\/div>\n\t\t\t\t\t<\/div>\n\t\t<\/section>\n\t\t\t\t<section class=\"elementor-section elementor-top-section elementor-element elementor-element-fbd4268 elementor-section-boxed elementor-section-height-default elementor-section-height-default parallax_section_no qode_elementor_container_no\" data-id=\"fbd4268\" data-element_type=\"section\">\n\t\t\t\t\t\t<div class=\"elementor-container elementor-column-gap-default\">\n\t\t\t\t\t<div class=\"elementor-column elementor-col-100 elementor-top-column elementor-element elementor-element-4d71426\" data-id=\"4d71426\" data-element_type=\"column\">\n\t\t\t<div class=\"elementor-widget-wrap elementor-element-populated\">\n\t\t\t\t\t\t<div class=\"elementor-element elementor-element-9506176 elementor-widget elementor-widget-text-editor\" data-id=\"9506176\" data-element_type=\"widget\" data-widget_type=\"text-editor.default\">\n\t\t\t\t<div class=\"elementor-widget-container\">\n\t\t\t\t\t\t\t<p>MEDTRON \u53ef\u4e3a\u60a8\u63d0\u4f9b\u5b9e\u7528\u7684\u5e38\u7528\u8017\u6750\u5957\u88c5\u3002\u6211\u4eec\u7684 CT \u548c MRI \u7528\u5957\u88c5\u5df2\u7ecf\u5305\u542b\u4e86\u9020\u5f71\u5242\u548c\u751f\u7406\u76d0\u6c34\u7528\u9488\u7b52\u3001\u8f6f\u7ba1\u548c\u53d6\u6db2\u8f85\u52a9\u4ef6\uff0c\u5982\u9488\u5934\u6216Quick Filling Tube\u7ba1\u3002\u9488\u5bf9\u5404\u79cd\u5e94\u7528\uff0c\u4e0d\u540c\u7684\u5957\u88c5\u6709\u4e0d\u540c\u89c4\u683c\u7684\u9488\u7b52\uff08200\u00a0ml \u9488\u7b52\u548c 65\u00a0ml \u9488\u7b52\uff09\u53ef\u4f9b\u9009\u62e9\u3002<\/p>\t\t\t\t\t\t<\/div>\n\t\t\t\t<\/div>\n\t\t\t\t\t<\/div>\n\t\t<\/div>\n\t\t\t\t\t<\/div>\n\t\t<\/section>\n\t\t\t\t<section class=\"elementor-section elementor-top-section elementor-element elementor-element-3f6a696 elementor-section-boxed elementor-section-height-default elementor-section-height-default parallax_section_no qode_elementor_container_no\" data-id=\"3f6a696\" data-element_type=\"section\">\n\t\t\t\t\t\t<div class=\"elementor-container elementor-column-gap-default\">\n\t\t\t\t\t<div class=\"elementor-column elementor-col-100 elementor-top-column elementor-element elementor-element-9c5e3b0\" data-id=\"9c5e3b0\" data-element_type=\"column\">\n\t\t\t<div class=\"elementor-widget-wrap elementor-element-populated\">\n\t\t\t\t\t\t<div class=\"elementor-element elementor-element-215ee5d elementor-widget elementor-widget-bridge_portfolio_list\" data-id=\"215ee5d\" data-element_type=\"widget\" data-widget_type=\"bridge_portfolio_list.default\">\n\t\t\t\t<div class=\"elementor-widget-container\">\n\t\t\t<div class='projects_holder_outer v4 portfolio_with_space portfolio_standard'>\n        <div class='projects_holder portfolio_main_holder clearfix v4 standard portfolio_full_image portfolio_one_by_one'>\n        \n        <article class='mix portfolio_category_103 portfolio_category_8 portfolio_category_81 default' style=''>\n    \n    \n    \n    \n            <div class=\"item_holder thin_plus_only\">\n\n                    <div class=\"text_holder\">\n        <div class=\"text_holder_outer\">\n            <div class=\"text_holder_inner\">\n                            <span class=\"thin_plus_only_icon\">+<\/span>\n                        <\/div>\n        <\/div>\n    <\/div>\n\n                                    <a itemprop=\"url\" class=\"portfolio_link_class\" title=\"MR-Set ELS 65 ml 317602-000\" href=\"https:\/\/medtron.zeitraum.dev\/zh\/verbrauchsmaterial\/detail\/mr-set-els-65-ml\/\"><\/a>\n                \n                <div style=\"background-color: #7070704D\" class=\"portfolio_shader\"><\/div>\n                <div class=\"image_holder\">\n                    \n<span class='image'><img fetchpriority=\"high\" decoding=\"async\" width=\"963\" height=\"700\" src=\"https:\/\/medtron.zeitraum.dev\/wp-content\/uploads\/2021\/10\/317602-000.jpg\" class=\"attachment-full size-full wp-post-image\" alt=\"MR-SET ELS 65 ML- Set bestehend aus zwei 65 ml Spritzen, Schlauchsystem mit 2 Ventilen und zwei Standardspikes f\u00fcr Magnetresonanztherapie (MRT) Verbrauchsmaterial\" srcset=\"https:\/\/medtron.zeitraum.dev\/wp-content\/uploads\/2021\/10\/317602-000.jpg 963w, https:\/\/medtron.zeitraum.dev\/wp-content\/uploads\/2021\/10\/317602-000-300x218.jpg 300w, https:\/\/medtron.zeitraum.dev\/wp-content\/uploads\/2021\/10\/317602-000-768x558.jpg 768w, https:\/\/medtron.zeitraum.dev\/wp-content\/uploads\/2021\/10\/317602-000-700x509.jpg 700w\" sizes=\"(max-width: 963px) 100vw, 963px\" \/><\/span>                <\/div>\n            <\/div>\n\n                <div class='portfolio_description text_align_center' style=\"background-color:#FFFFFF;'\">\n\n        \n    <h4 itemprop=\"name\" class=\"portfolio_title entry_title\"><a itemprop=\"url\" href=\"https:\/\/medtron.zeitraum.dev\/zh\/verbrauchsmaterial\/detail\/mr-set-els-65-ml\/\"  target=\"_self\"> MR-Set ELS 65 ml 317602-000<\/a><\/h4>\n\n\n        \n            <span class=\"project_category\" style=\"color: #FFFFFF\" >\n    Einmalgebrauch, MR, Sets    <\/span>\n\n    <\/div>\n\n        \n<\/article>\n<article class='mix portfolio_category_103 portfolio_category_8 portfolio_category_81 default' style=''>\n    \n    \n    \n    \n            <div class=\"item_holder thin_plus_only\">\n\n                    <div class=\"text_holder\">\n        <div class=\"text_holder_outer\">\n            <div class=\"text_holder_inner\">\n                            <span class=\"thin_plus_only_icon\">+<\/span>\n                        <\/div>\n        <\/div>\n    <\/div>\n\n                                    <a itemprop=\"url\" class=\"portfolio_link_class\" title=\"MR-Set 65\/200 ml 317603-000\" href=\"https:\/\/medtron.zeitraum.dev\/zh\/verbrauchsmaterial\/detail\/mr-set-els-65-200-ml\/\"><\/a>\n                \n                <div style=\"background-color: #7070704D\" class=\"portfolio_shader\"><\/div>\n                <div class=\"image_holder\">\n                    \n<span class='image'><img decoding=\"async\" width=\"963\" height=\"700\" src=\"https:\/\/medtron.zeitraum.dev\/wp-content\/uploads\/2021\/10\/317603-000.jpg\" class=\"attachment-full size-full wp-post-image\" alt=\"MR-SET ELS 65\/200 ML- das Set an Verbrauchsmaterial f\u00fcr MRT bestehend aus 65ml Spritze, 200ml Spritze, Doppelkopf-Schlauchsystem, Spike mit Bel\u00fcftung und Minispike gr\u00fcn Luer Lock\" srcset=\"https:\/\/medtron.zeitraum.dev\/wp-content\/uploads\/2021\/10\/317603-000.jpg 963w, https:\/\/medtron.zeitraum.dev\/wp-content\/uploads\/2021\/10\/317603-000-300x218.jpg 300w, https:\/\/medtron.zeitraum.dev\/wp-content\/uploads\/2021\/10\/317603-000-768x558.jpg 768w, https:\/\/medtron.zeitraum.dev\/wp-content\/uploads\/2021\/10\/317603-000-700x509.jpg 700w\" sizes=\"(max-width: 963px) 100vw, 963px\" \/><\/span>                <\/div>\n            <\/div>\n\n                <div class='portfolio_description text_align_center' style=\"background-color:#FFFFFF;'\">\n\n        \n    <h4 itemprop=\"name\" class=\"portfolio_title entry_title\"><a itemprop=\"url\" href=\"https:\/\/medtron.zeitraum.dev\/zh\/verbrauchsmaterial\/detail\/mr-set-els-65-200-ml\/\"  target=\"_self\"> MR-Set 65\/200 ml 317603-000<\/a><\/h4>\n\n\n        \n            <span class=\"project_category\" style=\"color: #FFFFFF\" >\n    Einmalgebrauch, MR, Sets    <\/span>\n\n    <\/div>\n\n        \n<\/article>\n<article class='mix portfolio_category_103 portfolio_category_8 portfolio_category_81 default' style=''>\n    \n    \n    \n    \n            <div class=\"item_holder thin_plus_only\">\n\n                    <div class=\"text_holder\">\n        <div class=\"text_holder_outer\">\n            <div class=\"text_holder_inner\">\n                            <span class=\"thin_plus_only_icon\">+<\/span>\n                        <\/div>\n        <\/div>\n    <\/div>\n\n                                    <a itemprop=\"url\" class=\"portfolio_link_class\" title=\"MR-Kit ELS 65 ml 317604-000\" href=\"https:\/\/medtron.zeitraum.dev\/zh\/verbrauchsmaterial\/detail\/mr-kit-els-65-ml\/\"><\/a>\n                \n                <div style=\"background-color: #7070704D\" class=\"portfolio_shader\"><\/div>\n                <div class=\"image_holder\">\n                    \n<span class='image'><img decoding=\"async\" width=\"963\" height=\"700\" src=\"https:\/\/medtron.zeitraum.dev\/wp-content\/uploads\/2021\/10\/317604-100.jpg\" class=\"attachment-full size-full wp-post-image\" alt=\"MR-KIT ELS 65 ML - das Set an Verbrauchsmaterial f\u00fcr MRT bestehend aus 65ml Spritze, Schlauchsystem mit 2 Ventilen und Standardspike\" srcset=\"https:\/\/medtron.zeitraum.dev\/wp-content\/uploads\/2021\/10\/317604-100.jpg 963w, https:\/\/medtron.zeitraum.dev\/wp-content\/uploads\/2021\/10\/317604-100-300x218.jpg 300w, https:\/\/medtron.zeitraum.dev\/wp-content\/uploads\/2021\/10\/317604-100-768x558.jpg 768w, https:\/\/medtron.zeitraum.dev\/wp-content\/uploads\/2021\/10\/317604-100-700x509.jpg 700w\" sizes=\"(max-width: 963px) 100vw, 963px\" \/><\/span>                <\/div>\n            <\/div>\n\n                <div class='portfolio_description text_align_center' style=\"background-color:#FFFFFF;'\">\n\n        \n    <h4 itemprop=\"name\" class=\"portfolio_title entry_title\"><a itemprop=\"url\" href=\"https:\/\/medtron.zeitraum.dev\/zh\/verbrauchsmaterial\/detail\/mr-kit-els-65-ml\/\"  target=\"_self\"> MR-Kit ELS 65 ml 317604-000<\/a><\/h4>\n\n\n        \n            <span class=\"project_category\" style=\"color: #FFFFFF\" >\n    Einmalgebrauch, MR, Sets    <\/span>\n\n    <\/div>\n\n        \n<\/article>\n<article class='mix portfolio_category_4 portfolio_category_103 portfolio_category_8 portfolio_category_81 default' style=''>\n    \n    \n    \n    \n            <div class=\"item_holder thin_plus_only\">\n\n                    <div class=\"text_holder\">\n        <div class=\"text_holder_outer\">\n            <div class=\"text_holder_inner\">\n                            <span class=\"thin_plus_only_icon\">+<\/span>\n                        <\/div>\n        <\/div>\n    <\/div>\n\n                                    <a itemprop=\"url\" class=\"portfolio_link_class\" title=\"CT2\/MRI Set ELS 317625-000\" href=\"https:\/\/medtron.zeitraum.dev\/zh\/verbrauchsmaterial\/detail\/ct2-mrt-set-els\/\"><\/a>\n                \n                <div style=\"background-color: #7070704D\" class=\"portfolio_shader\"><\/div>\n                <div class=\"image_holder\">\n                    \n<span class='image'><img loading=\"lazy\" decoding=\"async\" width=\"963\" height=\"700\" src=\"https:\/\/medtron.zeitraum.dev\/wp-content\/uploads\/2021\/10\/317625-000.jpg\" class=\"attachment-full size-full wp-post-image\" alt=\"CT2\/MRT Set ELS - das Set an Verbrauchsmaterial f\u00fcr CT und MRT bestehend aus zwei 200ml Spritze, Schlauchsystem und Patientenschlauch\" srcset=\"https:\/\/medtron.zeitraum.dev\/wp-content\/uploads\/2021\/10\/317625-000.jpg 963w, https:\/\/medtron.zeitraum.dev\/wp-content\/uploads\/2021\/10\/317625-000-300x218.jpg 300w, https:\/\/medtron.zeitraum.dev\/wp-content\/uploads\/2021\/10\/317625-000-768x558.jpg 768w, https:\/\/medtron.zeitraum.dev\/wp-content\/uploads\/2021\/10\/317625-000-700x509.jpg 700w\" sizes=\"(max-width: 963px) 100vw, 963px\" \/><\/span>                <\/div>\n            <\/div>\n\n                <div class='portfolio_description text_align_center' style=\"background-color:#FFFFFF;'\">\n\n        \n    <h4 itemprop=\"name\" class=\"portfolio_title entry_title\"><a itemprop=\"url\" href=\"https:\/\/medtron.zeitraum.dev\/zh\/verbrauchsmaterial\/detail\/ct2-mrt-set-els\/\"  target=\"_self\"> CT2\/MRI Set ELS 317625-000<\/a><\/h4>\n\n\n        \n            <span class=\"project_category\" style=\"color: #FFFFFF\" >\n    CT, Einmalgebrauch, MR, Sets    <\/span>\n\n    <\/div>\n\n        \n<\/article>\n<article class='mix portfolio_category_4 portfolio_category_103 portfolio_category_8 portfolio_category_81 default' style=''>\n    \n    \n    \n    \n            <div class=\"item_holder thin_plus_only\">\n\n                    <div class=\"text_holder\">\n        <div class=\"text_holder_outer\">\n            <div class=\"text_holder_inner\">\n                            <span class=\"thin_plus_only_icon\">+<\/span>\n                        <\/div>\n        <\/div>\n    <\/div>\n\n                                    <a itemprop=\"url\" class=\"portfolio_link_class\" title=\"CT2\/MRI Set ELS (S) 317627-100\" href=\"https:\/\/medtron.zeitraum.dev\/zh\/verbrauchsmaterial\/detail\/ct2-mrt-set-els-s\/\"><\/a>\n                \n                <div style=\"background-color: #7070704D\" class=\"portfolio_shader\"><\/div>\n                <div class=\"image_holder\">\n                    \n<span class='image'><img loading=\"lazy\" decoding=\"async\" width=\"1920\" height=\"1400\" src=\"https:\/\/medtron.zeitraum.dev\/wp-content\/uploads\/2021\/10\/317627-000.jpg\" class=\"attachment-full size-full wp-post-image\" alt=\"CT2\/MRT Set ELS (S) - das Set an Verbrauchsmaterial f\u00fcr CT und MRT bestehend aus zwei 200ml Spritze, Schlauchsystem und Patientenschlauch\" srcset=\"https:\/\/medtron.zeitraum.dev\/wp-content\/uploads\/2021\/10\/317627-000.jpg 1920w, https:\/\/medtron.zeitraum.dev\/wp-content\/uploads\/2021\/10\/317627-000-300x219.jpg 300w, https:\/\/medtron.zeitraum.dev\/wp-content\/uploads\/2021\/10\/317627-000-1024x747.jpg 1024w, https:\/\/medtron.zeitraum.dev\/wp-content\/uploads\/2021\/10\/317627-000-768x560.jpg 768w, https:\/\/medtron.zeitraum.dev\/wp-content\/uploads\/2021\/10\/317627-000-1536x1120.jpg 1536w, https:\/\/medtron.zeitraum.dev\/wp-content\/uploads\/2021\/10\/317627-000-16x12.jpg 16w, https:\/\/medtron.zeitraum.dev\/wp-content\/uploads\/2021\/10\/317627-000-700x510.jpg 700w\" sizes=\"(max-width: 1920px) 100vw, 1920px\" \/><\/span>                <\/div>\n            <\/div>\n\n                <div class='portfolio_description text_align_center' style=\"background-color:#FFFFFF;'\">\n\n        \n    <h4 itemprop=\"name\" class=\"portfolio_title entry_title\"><a itemprop=\"url\" href=\"https:\/\/medtron.zeitraum.dev\/zh\/verbrauchsmaterial\/detail\/ct2-mrt-set-els-s\/\"  target=\"_self\"> CT2\/MRI Set ELS (S) 317627-100<\/a><\/h4>\n\n\n        \n            <span class=\"project_category\" style=\"color: #FFFFFF\" >\n    CT, Einmalgebrauch, MR, Sets    <\/span>\n\n    <\/div>\n\n        \n<\/article>\n        <div class='filler'><\/div>\n            <div class='filler'><\/div>\n            <div class='filler'><\/div>\n            <div class='filler'><\/div>\n        <\/div>\n\n    \n    <\/div>\t\t<\/div>\n\t\t\t\t<\/div>\n\t\t\t\t\t<\/div>\n\t\t<\/div>\n\t\t\t\t\t<\/div>\n\t\t<\/section>\n\t\t\t\t<\/div>","protected":false},"excerpt":{"rendered":"<p>Sets Vebrauchsmaterial f\u00fcr CT und MR Bei MEDTRON erhalten Sie die g\u00e4ngigen Verbrauchsmaterialien in praktischen Sets. Unsere Sets f\u00fcr CT und MRT enthalten bereits die Spritzen f\u00fcr Kontrastmittel und Kochsalzl\u00f6sung, Schl\u00e4uche und Entnahmehilfen wie Spikes oder Quick Filling Tubes. Es sind verschiedene Sets mit unterschiedlichen&#8230;<\/p>","protected":false},"author":97,"featured_media":10912,"parent":1483,"menu_order":5,"comment_status":"closed","ping_status":"closed","template":"","meta":{"footnotes":""},"class_list":["post-1706","page","type-page","status-publish","has-post-thumbnail","hentry"],"_links":{"self":[{"href":"https:\/\/medtron.zeitraum.dev\/zh\/wp-json\/wp\/v2\/pages\/1706","targetHints":{"allow":["GET"]}}],"collection":[{"href":"https:\/\/medtron.zeitraum.dev\/zh\/wp-json\/wp\/v2\/pages"}],"about":[{"href":"https:\/\/medtron.zeitraum.dev\/zh\/wp-json\/wp\/v2\/types\/page"}],"author":[{"embeddable":true,"href":"https:\/\/medtron.zeitraum.dev\/zh\/wp-json\/wp\/v2\/users\/97"}],"replies":[{"embeddable":true,"href":"https:\/\/medtron.zeitraum.dev\/zh\/wp-json\/wp\/v2\/comments?post=1706"}],"version-history":[{"count":0,"href":"https:\/\/medtron.zeitraum.dev\/zh\/wp-json\/wp\/v2\/pages\/1706\/revisions"}],"up":[{"embeddable":true,"href":"https:\/\/medtron.zeitraum.dev\/zh\/wp-json\/wp\/v2\/pages\/1483"}],"wp:featuredmedia":[{"embeddable":true,"href":"https:\/\/medtron.zeitraum.dev\/zh\/wp-json\/wp\/v2\/media\/10912"}],"wp:attachment":[{"href":"https:\/\/medtron.zeitraum.dev\/zh\/wp-json\/wp\/v2\/media?parent=1706"}],"curies":[{"name":"wp","href":"https:\/\/api.w.org\/{rel}","templated":true}]}}