{"id":1684,"date":"2021-10-21T15:33:31","date_gmt":"2021-10-21T13:33:31","guid":{"rendered":"https:\/\/medtronv2.bluealpha.de\/?page_id=1684"},"modified":"2022-12-10T11:53:49","modified_gmt":"2022-12-10T09:53:49","slug":"spritzen","status":"publish","type":"page","link":"https:\/\/medtron.zeitraum.dev\/fr\/consommables\/seringues\/","title":{"rendered":"Seringues"},"content":{"rendered":"<div data-elementor-type=\"wp-page\" data-elementor-id=\"1684\" class=\"elementor elementor-1684\">\n\t\t\t\t\t\t<section class=\"elementor-section elementor-top-section elementor-element elementor-element-44a82cea content-block full-width elementor-section-boxed elementor-section-height-default elementor-section-height-default parallax_section_no qode_elementor_container_no\" data-id=\"44a82cea\" data-element_type=\"section\">\n\t\t\t\t\t\t<div class=\"elementor-container elementor-column-gap-default\">\n\t\t\t\t\t<div class=\"elementor-column elementor-col-100 elementor-top-column elementor-element elementor-element-12343cd5\" data-id=\"12343cd5\" data-element_type=\"column\">\n\t\t\t<div class=\"elementor-widget-wrap elementor-element-populated\">\n\t\t\t\t\t\t<section class=\"elementor-section elementor-inner-section elementor-element elementor-element-52a83628 elementor-section-boxed elementor-section-height-default elementor-section-height-default parallax_section_no qode_elementor_container_no\" data-id=\"52a83628\" data-element_type=\"section\">\n\t\t\t\t\t\t<div class=\"elementor-container elementor-column-gap-default\">\n\t\t\t\t\t<div class=\"elementor-column elementor-col-100 elementor-inner-column elementor-element elementor-element-2e354b1c\" data-id=\"2e354b1c\" data-element_type=\"column\">\n\t\t\t<div class=\"elementor-widget-wrap elementor-element-populated\">\n\t\t\t\t\t\t<div class=\"elementor-element elementor-element-d89b7e8 elementor-widget elementor-widget-heading\" data-id=\"d89b7e8\" data-element_type=\"widget\" data-widget_type=\"heading.default\">\n\t\t\t\t<div class=\"elementor-widget-container\">\n\t\t\t<style>\/*! elementor - v3.23.0 - 15-07-2024 *\/\n.elementor-heading-title{padding:0;margin:0;line-height:1}.elementor-widget-heading .elementor-heading-title[class*=elementor-size-]>a{color:inherit;font-size:inherit;line-height:inherit}.elementor-widget-heading .elementor-heading-title.elementor-size-small{font-size:15px}.elementor-widget-heading .elementor-heading-title.elementor-size-medium{font-size:19px}.elementor-widget-heading .elementor-heading-title.elementor-size-large{font-size:29px}.elementor-widget-heading .elementor-heading-title.elementor-size-xl{font-size:39px}.elementor-widget-heading .elementor-heading-title.elementor-size-xxl{font-size:59px}<\/style><h1 class=\"elementor-heading-title elementor-size-default\">Seringues<\/h1>\t\t<\/div>\n\t\t\t\t<\/div>\n\t\t\t\t<div class=\"elementor-element elementor-element-65c9e5ff elementor-widget elementor-widget-text-editor\" data-id=\"65c9e5ff\" data-element_type=\"widget\" data-widget_type=\"text-editor.default\">\n\t\t\t\t<div class=\"elementor-widget-container\">\n\t\t\t<style>\/*! elementor - v3.23.0 - 15-07-2024 *\/\n.elementor-widget-text-editor.elementor-drop-cap-view-stacked .elementor-drop-cap{background-color:#69727d;color:#fff}.elementor-widget-text-editor.elementor-drop-cap-view-framed .elementor-drop-cap{color:#69727d;border:3px solid;background-color:transparent}.elementor-widget-text-editor:not(.elementor-drop-cap-view-default) .elementor-drop-cap{margin-top:8px}.elementor-widget-text-editor:not(.elementor-drop-cap-view-default) .elementor-drop-cap-letter{width:1em;height:1em}.elementor-widget-text-editor .elementor-drop-cap{float:left;text-align:center;line-height:1;font-size:50px}.elementor-widget-text-editor .elementor-drop-cap-letter{display:inline-block}<\/style>\t\t\t\t<h2 class=\"magenta_small\">Consommables<\/h2>\t\t\t\t\t\t<\/div>\n\t\t\t\t<\/div>\n\t\t\t\t\t<\/div>\n\t\t<\/div>\n\t\t\t\t\t<\/div>\n\t\t<\/section>\n\t\t\t\t\t<\/div>\n\t\t<\/div>\n\t\t\t\t\t<\/div>\n\t\t<\/section>\n\t\t\t\t<section class=\"elementor-section elementor-top-section elementor-element elementor-element-3675c80 elementor-section-boxed elementor-section-height-default elementor-section-height-default parallax_section_no qode_elementor_container_no\" data-id=\"3675c80\" data-element_type=\"section\">\n\t\t\t\t\t\t<div class=\"elementor-container elementor-column-gap-default\">\n\t\t\t\t\t<div class=\"elementor-column elementor-col-100 elementor-top-column elementor-element elementor-element-6cbeaea\" data-id=\"6cbeaea\" data-element_type=\"column\">\n\t\t\t<div class=\"elementor-widget-wrap elementor-element-populated\">\n\t\t\t\t\t\t<div class=\"elementor-element elementor-element-c5b5811 elementor-widget elementor-widget-text-editor\" data-id=\"c5b5811\" data-element_type=\"widget\" data-widget_type=\"text-editor.default\">\n\t\t\t\t<div class=\"elementor-widget-container\">\n\t\t\t\t\t\t\t<p>L\u2019offre MEDTRON de seringues pour l\u2019injection d\u2019agent de contraste ou de solution physiologique (saline) contient des seringues \u00e0 chargement ais\u00e9 \u00ab\u00a0Easy Loading\u00a0\u00bb (seringues ELS) d\u2019un volume de 65\u00a0ml et de 200\u00a0ml. Des seringues d\u2019agent de contraste \u00e0 usage unique sont disponibles ainsi que des seringues \u00e0 usage multiple jusqu\u2019\u00e0 8\u00a0heures, et notre syst\u00e8me Day Safe assure un usage multiple jusqu\u2019\u00e0 24\u00a0heures.\u00a0\u00a0\u00a0<\/p><p>Toutes les seringues peuvent servir \u00e0 des examens diagnostiques par TDM, IRM et angiographie. Des manchettes de compression sont utilis\u00e9es en angiographie. La r\u00e9sistance \u00e0 la pression de nos seringues est valid\u00e9e et ces derni\u00e8res sont exemptes de DEHP. La seringue ELS de 200\u00a0ml est disponible, au choix, avec un tube \u00e0 remplissage rapide (\u00ab\u00a0Quick Filling Tube\u00a0\u00bb). Une seringue ELS de 200\u00a0ml est disponible pour notre injecteur Accutron Thera.<\/p>\t\t\t\t\t\t<\/div>\n\t\t\t\t<\/div>\n\t\t\t\t\t<\/div>\n\t\t<\/div>\n\t\t\t\t\t<\/div>\n\t\t<\/section>\n\t\t\t\t<section class=\"elementor-section elementor-top-section elementor-element elementor-element-3f6a696 elementor-section-boxed elementor-section-height-default elementor-section-height-default parallax_section_no qode_elementor_container_no\" data-id=\"3f6a696\" data-element_type=\"section\">\n\t\t\t\t\t\t<div class=\"elementor-container elementor-column-gap-default\">\n\t\t\t\t\t<div class=\"elementor-column elementor-col-100 elementor-top-column elementor-element elementor-element-9c5e3b0\" data-id=\"9c5e3b0\" data-element_type=\"column\">\n\t\t\t<div class=\"elementor-widget-wrap elementor-element-populated\">\n\t\t\t\t\t\t<div class=\"elementor-element elementor-element-215ee5d elementor-widget elementor-widget-bridge_portfolio_list\" data-id=\"215ee5d\" data-element_type=\"widget\" data-widget_type=\"bridge_portfolio_list.default\">\n\t\t\t\t<div class=\"elementor-widget-container\">\n\t\t\t<div class='projects_holder_outer v4 portfolio_with_space portfolio_standard'>\n        <div class='projects_holder portfolio_main_holder clearfix v4 standard portfolio_full_image portfolio_one_by_one'>\n        \n        <article class='mix portfolio_category_4 portfolio_category_103 portfolio_category_16 portfolio_category_8 portfolio_category_79 default' style=''>\n    \n    \n    \n    \n            <div class=\"item_holder thin_plus_only\">\n\n                    <div class=\"text_holder\">\n        <div class=\"text_holder_outer\">\n            <div class=\"text_holder_inner\">\n                            <span class=\"thin_plus_only_icon\">+<\/span>\n                        <\/div>\n        <\/div>\n    <\/div>\n\n                                    <a itemprop=\"url\" class=\"portfolio_link_class\" title=\"ELS 200 ml (S) Syringe 316026-000\" href=\"https:\/\/medtron.zeitraum.dev\/fr\/verbrauchsmaterial\/detail\/els-200-ml-s-spritze\/\"><\/a>\n                \n                <div style=\"background-color: #7070704D\" class=\"portfolio_shader\"><\/div>\n                <div class=\"image_holder\">\n                    \n<span class='image'><img fetchpriority=\"high\" decoding=\"async\" width=\"963\" height=\"700\" src=\"https:\/\/medtron.zeitraum.dev\/wp-content\/uploads\/2021\/10\/316025-100-ELS-200ml_963x700.png\" class=\"attachment-full size-full wp-post-image\" alt=\"ACCUTRON\u00ae THERA 200 ML ELS SPRITZE, Verbrauchsmaterial Therapie\" srcset=\"https:\/\/medtron.zeitraum.dev\/wp-content\/uploads\/2021\/10\/316025-100-ELS-200ml_963x700.png 963w, https:\/\/medtron.zeitraum.dev\/wp-content\/uploads\/2021\/10\/316025-100-ELS-200ml_963x700-300x218.png 300w, https:\/\/medtron.zeitraum.dev\/wp-content\/uploads\/2021\/10\/316025-100-ELS-200ml_963x700-768x558.png 768w, https:\/\/medtron.zeitraum.dev\/wp-content\/uploads\/2021\/10\/316025-100-ELS-200ml_963x700-18x12.png 18w, https:\/\/medtron.zeitraum.dev\/wp-content\/uploads\/2021\/10\/316025-100-ELS-200ml_963x700-700x509.png 700w\" sizes=\"(max-width: 963px) 100vw, 963px\" \/><\/span>                <\/div>\n            <\/div>\n\n                <div class='portfolio_description text_align_center' style=\"background-color:#FFFFFF;'\">\n\n        \n    <h4 itemprop=\"name\" class=\"portfolio_title entry_title\"><a itemprop=\"url\" href=\"https:\/\/medtron.zeitraum.dev\/fr\/verbrauchsmaterial\/detail\/els-200-ml-s-spritze\/\"  target=\"_self\"> ELS 200 ml (S) Syringe 316026-000<\/a><\/h4>\n\n\n        \n            <span class=\"project_category\" style=\"color: #FFFFFF\" >\n    CT, Einmalgebrauch, HP, MR, Spritzen    <\/span>\n\n    <\/div>\n\n        \n<\/article>\n<article class='mix portfolio_category_4 portfolio_category_103 portfolio_category_16 portfolio_category_8 portfolio_category_79 default' style=''>\n    \n    \n    \n    \n            <div class=\"item_holder thin_plus_only\">\n\n                    <div class=\"text_holder\">\n        <div class=\"text_holder_outer\">\n            <div class=\"text_holder_inner\">\n                            <span class=\"thin_plus_only_icon\">+<\/span>\n                        <\/div>\n        <\/div>\n    <\/div>\n\n                                    <a itemprop=\"url\" class=\"portfolio_link_class\" title=\"ELS 200 ml Syringe with Filling Tube 316025-000\" href=\"https:\/\/medtron.zeitraum.dev\/fr\/verbrauchsmaterial\/detail\/els-200-ml-spritze-qft\/\"><\/a>\n                \n                <div style=\"background-color: #7070704D\" class=\"portfolio_shader\"><\/div>\n                <div class=\"image_holder\">\n                    \n<span class='image'><img decoding=\"async\" width=\"963\" height=\"700\" src=\"https:\/\/medtron.zeitraum.dev\/wp-content\/uploads\/2021\/10\/316026-100-ELS-200ml_963x700.png\" class=\"attachment-full size-full wp-post-image\" alt=\"ELS 200ml Spritze (S), Verbrauchsmaterial zum Einmalgebrauch f\u00fcr MRT und CT\" srcset=\"https:\/\/medtron.zeitraum.dev\/wp-content\/uploads\/2021\/10\/316026-100-ELS-200ml_963x700.png 963w, https:\/\/medtron.zeitraum.dev\/wp-content\/uploads\/2021\/10\/316026-100-ELS-200ml_963x700-300x218.png 300w, https:\/\/medtron.zeitraum.dev\/wp-content\/uploads\/2021\/10\/316026-100-ELS-200ml_963x700-768x558.png 768w, https:\/\/medtron.zeitraum.dev\/wp-content\/uploads\/2021\/10\/316026-100-ELS-200ml_963x700-18x12.png 18w, https:\/\/medtron.zeitraum.dev\/wp-content\/uploads\/2021\/10\/316026-100-ELS-200ml_963x700-700x509.png 700w\" sizes=\"(max-width: 963px) 100vw, 963px\" \/><\/span>                <\/div>\n            <\/div>\n\n                <div class='portfolio_description text_align_center' style=\"background-color:#FFFFFF;'\">\n\n        \n    <h4 itemprop=\"name\" class=\"portfolio_title entry_title\"><a itemprop=\"url\" href=\"https:\/\/medtron.zeitraum.dev\/fr\/verbrauchsmaterial\/detail\/els-200-ml-spritze-qft\/\"  target=\"_self\"> ELS 200 ml Syringe with Filling Tube 316025-000<\/a><\/h4>\n\n\n        \n            <span class=\"project_category\" style=\"color: #FFFFFF\" >\n    CT, Einmalgebrauch, HP, MR, Spritzen    <\/span>\n\n    <\/div>\n\n        \n<\/article>\n<article class='mix portfolio_category_193 portfolio_category_4 portfolio_category_25 portfolio_category_8 portfolio_category_79 default' style=''>\n    \n    \n    \n    \n            <div class=\"item_holder thin_plus_only\">\n\n                    <div class=\"text_holder\">\n        <div class=\"text_holder_outer\">\n            <div class=\"text_holder_inner\">\n                            <span class=\"thin_plus_only_icon\">+<\/span>\n                        <\/div>\n        <\/div>\n    <\/div>\n\n                                    <a itemprop=\"url\" class=\"portfolio_link_class\" title=\"Day Safe Syringe 200 ml (24H) 312426-100\" href=\"https:\/\/medtron.zeitraum.dev\/fr\/verbrauchsmaterial\/detail\/day-safe-spritze-200\/\"><\/a>\n                \n                <div style=\"background-color: #7070704D\" class=\"portfolio_shader\"><\/div>\n                <div class=\"image_holder\">\n                    \n<span class='image'><img decoding=\"async\" width=\"963\" height=\"700\" src=\"https:\/\/medtron.zeitraum.dev\/wp-content\/uploads\/2021\/10\/312426-100-ELS-200ml-24h_963x700.png\" class=\"attachment-full size-full wp-post-image\" alt=\"Day Safe Spritze 200ml, Verbrauchsmaterial f\u00fcr CT und MRT zur Mehrfachanwendung bis zu 24 Stunden\" srcset=\"https:\/\/medtron.zeitraum.dev\/wp-content\/uploads\/2021\/10\/312426-100-ELS-200ml-24h_963x700.png 963w, https:\/\/medtron.zeitraum.dev\/wp-content\/uploads\/2021\/10\/312426-100-ELS-200ml-24h_963x700-300x218.png 300w, https:\/\/medtron.zeitraum.dev\/wp-content\/uploads\/2021\/10\/312426-100-ELS-200ml-24h_963x700-768x558.png 768w, https:\/\/medtron.zeitraum.dev\/wp-content\/uploads\/2021\/10\/312426-100-ELS-200ml-24h_963x700-18x12.png 18w, https:\/\/medtron.zeitraum.dev\/wp-content\/uploads\/2021\/10\/312426-100-ELS-200ml-24h_963x700-700x509.png 700w\" sizes=\"(max-width: 963px) 100vw, 963px\" \/><\/span>                <\/div>\n            <\/div>\n\n                <div class='portfolio_description text_align_center' style=\"background-color:#FFFFFF;'\">\n\n        \n    <h4 itemprop=\"name\" class=\"portfolio_title entry_title\"><a itemprop=\"url\" href=\"https:\/\/medtron.zeitraum.dev\/fr\/verbrauchsmaterial\/detail\/day-safe-spritze-200\/\"  target=\"_self\"> Day Safe Syringe 200 ml (24H) 312426-100<\/a><\/h4>\n\n\n        \n            <span class=\"project_category\" style=\"color: #FFFFFF\" >\n    24H, CT, Day Safe System, MR, Spritzen    <\/span>\n\n    <\/div>\n\n        \n<\/article>\n<article class='mix portfolio_category_193 portfolio_category_25 portfolio_category_8 portfolio_category_79 default' style=''>\n    \n    \n    \n    \n            <div class=\"item_holder thin_plus_only\">\n\n                    <div class=\"text_holder\">\n        <div class=\"text_holder_outer\">\n            <div class=\"text_holder_inner\">\n                            <span class=\"thin_plus_only_icon\">+<\/span>\n                        <\/div>\n        <\/div>\n    <\/div>\n\n                                    <a itemprop=\"url\" class=\"portfolio_link_class\" title=\"Day Safe Syringe 65 ml 312465-100\" href=\"https:\/\/medtron.zeitraum.dev\/fr\/verbrauchsmaterial\/detail\/day-safe-spritze-65\/\"><\/a>\n                \n                <div style=\"background-color: #7070704D\" class=\"portfolio_shader\"><\/div>\n                <div class=\"image_holder\">\n                    \n<span class='image'><img loading=\"lazy\" decoding=\"async\" width=\"963\" height=\"700\" src=\"https:\/\/medtron.zeitraum.dev\/wp-content\/uploads\/2021\/10\/312465-100-ELS-60mL-24h_963x700.png\" class=\"attachment-full size-full wp-post-image\" alt=\"Day Safe Spritze 65ml, Verbrauchsmaterial zur Mehrfachverwendung bis zu 24 Stunden f\u00fcr MRT\" srcset=\"https:\/\/medtron.zeitraum.dev\/wp-content\/uploads\/2021\/10\/312465-100-ELS-60mL-24h_963x700.png 963w, https:\/\/medtron.zeitraum.dev\/wp-content\/uploads\/2021\/10\/312465-100-ELS-60mL-24h_963x700-300x218.png 300w, https:\/\/medtron.zeitraum.dev\/wp-content\/uploads\/2021\/10\/312465-100-ELS-60mL-24h_963x700-768x558.png 768w, https:\/\/medtron.zeitraum.dev\/wp-content\/uploads\/2021\/10\/312465-100-ELS-60mL-24h_963x700-18x12.png 18w, https:\/\/medtron.zeitraum.dev\/wp-content\/uploads\/2021\/10\/312465-100-ELS-60mL-24h_963x700-700x509.png 700w\" sizes=\"(max-width: 963px) 100vw, 963px\" \/><\/span>                <\/div>\n            <\/div>\n\n                <div class='portfolio_description text_align_center' style=\"background-color:#FFFFFF;'\">\n\n        \n    <h4 itemprop=\"name\" class=\"portfolio_title entry_title\"><a itemprop=\"url\" href=\"https:\/\/medtron.zeitraum.dev\/fr\/verbrauchsmaterial\/detail\/day-safe-spritze-65\/\"  target=\"_self\"> Day Safe Syringe 65 ml 312465-100<\/a><\/h4>\n\n\n        \n            <span class=\"project_category\" style=\"color: #FFFFFF\" >\n    24H, Day Safe System, MR, Spritzen    <\/span>\n\n    <\/div>\n\n        \n<\/article>\n<article class='mix portfolio_category_194 portfolio_category_4 portfolio_category_35 portfolio_category_8 portfolio_category_79 default' style=''>\n    \n    \n    \n    \n            <div class=\"item_holder thin_plus_only\">\n\n                    <div class=\"text_holder\">\n        <div class=\"text_holder_outer\">\n            <div class=\"text_holder_inner\">\n                            <span class=\"thin_plus_only_icon\">+<\/span>\n                        <\/div>\n        <\/div>\n    <\/div>\n\n                                    <a itemprop=\"url\" class=\"portfolio_link_class\" title=\"ELS 200 ml Syringe MU (8H) 314626-100\" href=\"https:\/\/medtron.zeitraum.dev\/fr\/verbrauchsmaterial\/detail\/els-200ml-spritze-mu\/\"><\/a>\n                \n                <div style=\"background-color: #7070704D\" class=\"portfolio_shader\"><\/div>\n                <div class=\"image_holder\">\n                    \n<span class='image'><img loading=\"lazy\" decoding=\"async\" width=\"963\" height=\"700\" src=\"https:\/\/medtron.zeitraum.dev\/wp-content\/uploads\/2021\/10\/312426-100-ELS-200ml-8h_963x700.png\" class=\"attachment-full size-full wp-post-image\" alt=\"Injektorspritze 200ml f\u00fcr eine 8 Stunden Mehrfachanwendung bei CT und MR\" srcset=\"https:\/\/medtron.zeitraum.dev\/wp-content\/uploads\/2021\/10\/312426-100-ELS-200ml-8h_963x700.png 963w, https:\/\/medtron.zeitraum.dev\/wp-content\/uploads\/2021\/10\/312426-100-ELS-200ml-8h_963x700-300x218.png 300w, https:\/\/medtron.zeitraum.dev\/wp-content\/uploads\/2021\/10\/312426-100-ELS-200ml-8h_963x700-768x558.png 768w, https:\/\/medtron.zeitraum.dev\/wp-content\/uploads\/2021\/10\/312426-100-ELS-200ml-8h_963x700-18x12.png 18w, https:\/\/medtron.zeitraum.dev\/wp-content\/uploads\/2021\/10\/312426-100-ELS-200ml-8h_963x700-700x509.png 700w\" sizes=\"(max-width: 963px) 100vw, 963px\" \/><\/span>                <\/div>\n            <\/div>\n\n                <div class='portfolio_description text_align_center' style=\"background-color:#FFFFFF;'\">\n\n        \n    <h4 itemprop=\"name\" class=\"portfolio_title entry_title\"><a itemprop=\"url\" href=\"https:\/\/medtron.zeitraum.dev\/fr\/verbrauchsmaterial\/detail\/els-200ml-spritze-mu\/\"  target=\"_self\"> ELS 200 ml Syringe MU (8H) 314626-100<\/a><\/h4>\n\n\n        \n            <span class=\"project_category\" style=\"color: #FFFFFF\" >\n    8H, CT, Mehrfachanwendung, MR, Spritzen    <\/span>\n\n    <\/div>\n\n        \n<\/article>\n<article class='mix portfolio_category_103 portfolio_category_8 portfolio_category_79 default' style=''>\n    \n    \n    \n    \n            <div class=\"item_holder thin_plus_only\">\n\n                    <div class=\"text_holder\">\n        <div class=\"text_holder_outer\">\n            <div class=\"text_holder_inner\">\n                            <span class=\"thin_plus_only_icon\">+<\/span>\n                        <\/div>\n        <\/div>\n    <\/div>\n\n                                    <a itemprop=\"url\" class=\"portfolio_link_class\" title=\"ELS* 65 ml Syringe 316065-000\" href=\"https:\/\/medtron.zeitraum.dev\/fr\/verbrauchsmaterial\/detail\/els-65-ml-spritze\/\"><\/a>\n                \n                <div style=\"background-color: #7070704D\" class=\"portfolio_shader\"><\/div>\n                <div class=\"image_holder\">\n                    \n<span class='image'><img loading=\"lazy\" decoding=\"async\" width=\"963\" height=\"700\" src=\"https:\/\/medtron.zeitraum.dev\/wp-content\/uploads\/2021\/10\/316066-000-ELS-60mL_963x700.png\" class=\"attachment-full size-full wp-post-image\" alt=\"ELS 65ml Spritze f\u00fcr Magnetresonanztherapie (MRT) Verbrauchsmaterial\" srcset=\"https:\/\/medtron.zeitraum.dev\/wp-content\/uploads\/2021\/10\/316066-000-ELS-60mL_963x700.png 963w, https:\/\/medtron.zeitraum.dev\/wp-content\/uploads\/2021\/10\/316066-000-ELS-60mL_963x700-300x218.png 300w, https:\/\/medtron.zeitraum.dev\/wp-content\/uploads\/2021\/10\/316066-000-ELS-60mL_963x700-768x558.png 768w, https:\/\/medtron.zeitraum.dev\/wp-content\/uploads\/2021\/10\/316066-000-ELS-60mL_963x700-18x12.png 18w, https:\/\/medtron.zeitraum.dev\/wp-content\/uploads\/2021\/10\/316066-000-ELS-60mL_963x700-700x509.png 700w\" sizes=\"(max-width: 963px) 100vw, 963px\" \/><\/span>                <\/div>\n            <\/div>\n\n                <div class='portfolio_description text_align_center' style=\"background-color:#FFFFFF;'\">\n\n        \n    <h4 itemprop=\"name\" class=\"portfolio_title entry_title\"><a itemprop=\"url\" href=\"https:\/\/medtron.zeitraum.dev\/fr\/verbrauchsmaterial\/detail\/els-65-ml-spritze\/\"  target=\"_self\"> ELS* 65 ml Syringe 316065-000<\/a><\/h4>\n\n\n        \n            <span class=\"project_category\" style=\"color: #FFFFFF\" >\n    Einmalgebrauch, MR, Spritzen    <\/span>\n\n    <\/div>\n\n        \n<\/article>\n<article class='mix portfolio_category_79 default' style=''>\n    \n    \n    \n    \n            <div class=\"item_holder thin_plus_only\">\n\n                    <div class=\"text_holder\">\n        <div class=\"text_holder_outer\">\n            <div class=\"text_holder_inner\">\n                            <span class=\"thin_plus_only_icon\">+<\/span>\n                        <\/div>\n        <\/div>\n    <\/div>\n\n                                    <a itemprop=\"url\" class=\"portfolio_link_class\" title=\"ACCUTRON\u00ae THERA 200 ML ELS Syringe 316325-100\" href=\"https:\/\/medtron.zeitraum.dev\/fr\/verbrauchsmaterial\/detail\/accutron-thera-200-ml-els-spritze\/\"><\/a>\n                \n                <div style=\"background-color: #7070704D\" class=\"portfolio_shader\"><\/div>\n                <div class=\"image_holder\">\n                    \n<span class='image'><img fetchpriority=\"high\" decoding=\"async\" width=\"963\" height=\"700\" src=\"https:\/\/medtron.zeitraum.dev\/wp-content\/uploads\/2021\/10\/316025-100-ELS-200ml_963x700.png\" class=\"attachment-full size-full wp-post-image\" alt=\"ACCUTRON\u00ae THERA 200 ML ELS SPRITZE, Verbrauchsmaterial Therapie\" srcset=\"https:\/\/medtron.zeitraum.dev\/wp-content\/uploads\/2021\/10\/316025-100-ELS-200ml_963x700.png 963w, https:\/\/medtron.zeitraum.dev\/wp-content\/uploads\/2021\/10\/316025-100-ELS-200ml_963x700-300x218.png 300w, https:\/\/medtron.zeitraum.dev\/wp-content\/uploads\/2021\/10\/316025-100-ELS-200ml_963x700-768x558.png 768w, https:\/\/medtron.zeitraum.dev\/wp-content\/uploads\/2021\/10\/316025-100-ELS-200ml_963x700-18x12.png 18w, https:\/\/medtron.zeitraum.dev\/wp-content\/uploads\/2021\/10\/316025-100-ELS-200ml_963x700-700x509.png 700w\" sizes=\"(max-width: 963px) 100vw, 963px\" \/><\/span>                <\/div>\n            <\/div>\n\n                <div class='portfolio_description text_align_center' style=\"background-color:#FFFFFF;'\">\n\n        \n    <h4 itemprop=\"name\" class=\"portfolio_title entry_title\"><a itemprop=\"url\" href=\"https:\/\/medtron.zeitraum.dev\/fr\/verbrauchsmaterial\/detail\/accutron-thera-200-ml-els-spritze\/\"  target=\"_self\"> ACCUTRON\u00ae THERA 200 ML ELS Syringe 316325-100<\/a><\/h4>\n\n\n        \n            <span class=\"project_category\" style=\"color: #FFFFFF\" >\n    Seringues    <\/span>\n\n    <\/div>\n\n        \n<\/article>\n        <div class='filler'><\/div>\n            <div class='filler'><\/div>\n            <div class='filler'><\/div>\n            <div class='filler'><\/div>\n        <\/div>\n\n    \n    <\/div>\t\t<\/div>\n\t\t\t\t<\/div>\n\t\t\t\t\t<\/div>\n\t\t<\/div>\n\t\t\t\t\t<\/div>\n\t\t<\/section>\n\t\t\t\t<\/div>","protected":false},"excerpt":{"rendered":"<p>SPRITZEN Verbrauchsmaterial MEDTRONs Angebot an Spritzen f\u00fcr die Injektion von Kontrastmittel oder Kochsalzl\u00f6sung beinhaltet Easy Loading Syringes (ELS Spritzen) mit 65 ml und 200 ml F\u00fcllvolumen. Es sind Kontrastmittelspritzen f\u00fcr den Einmalgebrauch verf\u00fcgbar, sowie Spritzen f\u00fcr die Mehrfachverwendung bis zu 8 Stunden und unser Day&#8230;<\/p>","protected":false},"author":97,"featured_media":10913,"parent":1483,"menu_order":4,"comment_status":"closed","ping_status":"closed","template":"","meta":{"footnotes":""},"class_list":["post-1684","page","type-page","status-publish","has-post-thumbnail","hentry"],"_links":{"self":[{"href":"https:\/\/medtron.zeitraum.dev\/fr\/wp-json\/wp\/v2\/pages\/1684","targetHints":{"allow":["GET"]}}],"collection":[{"href":"https:\/\/medtron.zeitraum.dev\/fr\/wp-json\/wp\/v2\/pages"}],"about":[{"href":"https:\/\/medtron.zeitraum.dev\/fr\/wp-json\/wp\/v2\/types\/page"}],"author":[{"embeddable":true,"href":"https:\/\/medtron.zeitraum.dev\/fr\/wp-json\/wp\/v2\/users\/97"}],"replies":[{"embeddable":true,"href":"https:\/\/medtron.zeitraum.dev\/fr\/wp-json\/wp\/v2\/comments?post=1684"}],"version-history":[{"count":0,"href":"https:\/\/medtron.zeitraum.dev\/fr\/wp-json\/wp\/v2\/pages\/1684\/revisions"}],"up":[{"embeddable":true,"href":"https:\/\/medtron.zeitraum.dev\/fr\/wp-json\/wp\/v2\/pages\/1483"}],"wp:featuredmedia":[{"embeddable":true,"href":"https:\/\/medtron.zeitraum.dev\/fr\/wp-json\/wp\/v2\/media\/10913"}],"wp:attachment":[{"href":"https:\/\/medtron.zeitraum.dev\/fr\/wp-json\/wp\/v2\/media?parent=1684"}],"curies":[{"name":"wp","href":"https:\/\/api.w.org\/{rel}","templated":true}]}}