{"id":1554,"date":"2021-10-25T12:53:12","date_gmt":"2021-10-25T10:53:12","guid":{"rendered":"https:\/\/medtronv2.bluealpha.de\/?page_id=1554"},"modified":"2022-12-10T11:55:31","modified_gmt":"2022-12-10T09:55:31","slug":"zubehoer","status":"publish","type":"page","link":"https:\/\/medtron.zeitraum.dev\/fr\/consommables\/accessoires\/","title":{"rendered":"Accessoires"},"content":{"rendered":"<div data-elementor-type=\"wp-page\" data-elementor-id=\"1554\" class=\"elementor elementor-1554\">\n\t\t\t\t\t\t<section class=\"elementor-section elementor-top-section elementor-element elementor-element-3bd2fa8b content-block full-width elementor-section-boxed elementor-section-height-default elementor-section-height-default parallax_section_no qode_elementor_container_no\" data-id=\"3bd2fa8b\" data-element_type=\"section\">\n\t\t\t\t\t\t<div class=\"elementor-container elementor-column-gap-default\">\n\t\t\t\t\t<div class=\"elementor-column elementor-col-100 elementor-top-column elementor-element elementor-element-45f91b44\" data-id=\"45f91b44\" data-element_type=\"column\">\n\t\t\t<div class=\"elementor-widget-wrap elementor-element-populated\">\n\t\t\t\t\t\t<section class=\"elementor-section elementor-inner-section elementor-element elementor-element-3d861022 elementor-section-boxed elementor-section-height-default elementor-section-height-default parallax_section_no qode_elementor_container_no\" data-id=\"3d861022\" data-element_type=\"section\">\n\t\t\t\t\t\t<div class=\"elementor-container elementor-column-gap-default\">\n\t\t\t\t\t<div class=\"elementor-column elementor-col-100 elementor-inner-column elementor-element elementor-element-2a7dc9a5\" data-id=\"2a7dc9a5\" data-element_type=\"column\">\n\t\t\t<div class=\"elementor-widget-wrap elementor-element-populated\">\n\t\t\t\t\t\t<div class=\"elementor-element elementor-element-41106445 elementor-widget elementor-widget-heading\" data-id=\"41106445\" data-element_type=\"widget\" data-widget_type=\"heading.default\">\n\t\t\t\t<div class=\"elementor-widget-container\">\n\t\t\t<style>\/*! elementor - v3.23.0 - 15-07-2024 *\/\n.elementor-heading-title{padding:0;margin:0;line-height:1}.elementor-widget-heading .elementor-heading-title[class*=elementor-size-]>a{color:inherit;font-size:inherit;line-height:inherit}.elementor-widget-heading .elementor-heading-title.elementor-size-small{font-size:15px}.elementor-widget-heading .elementor-heading-title.elementor-size-medium{font-size:19px}.elementor-widget-heading .elementor-heading-title.elementor-size-large{font-size:29px}.elementor-widget-heading .elementor-heading-title.elementor-size-xl{font-size:39px}.elementor-widget-heading .elementor-heading-title.elementor-size-xxl{font-size:59px}<\/style><h1 class=\"elementor-heading-title elementor-size-default\">Accessoires<\/h1>\t\t<\/div>\n\t\t\t\t<\/div>\n\t\t\t\t<div class=\"elementor-element elementor-element-79230b0e elementor-widget elementor-widget-text-editor\" data-id=\"79230b0e\" data-element_type=\"widget\" data-widget_type=\"text-editor.default\">\n\t\t\t\t<div class=\"elementor-widget-container\">\n\t\t\t<style>\/*! elementor - v3.23.0 - 15-07-2024 *\/\n.elementor-widget-text-editor.elementor-drop-cap-view-stacked .elementor-drop-cap{background-color:#69727d;color:#fff}.elementor-widget-text-editor.elementor-drop-cap-view-framed .elementor-drop-cap{color:#69727d;border:3px solid;background-color:transparent}.elementor-widget-text-editor:not(.elementor-drop-cap-view-default) .elementor-drop-cap{margin-top:8px}.elementor-widget-text-editor:not(.elementor-drop-cap-view-default) .elementor-drop-cap-letter{width:1em;height:1em}.elementor-widget-text-editor .elementor-drop-cap{float:left;text-align:center;line-height:1;font-size:50px}.elementor-widget-text-editor .elementor-drop-cap-letter{display:inline-block}<\/style>\t\t\t\t<h2 class=\"magenta_small\">Consommables<\/h2>\t\t\t\t\t\t<\/div>\n\t\t\t\t<\/div>\n\t\t\t\t\t<\/div>\n\t\t<\/div>\n\t\t\t\t\t<\/div>\n\t\t<\/section>\n\t\t\t\t\t<\/div>\n\t\t<\/div>\n\t\t\t\t\t<\/div>\n\t\t<\/section>\n\t\t\t\t<section class=\"elementor-section elementor-top-section elementor-element elementor-element-ed8b207 elementor-section-boxed elementor-section-height-default elementor-section-height-default parallax_section_no qode_elementor_container_no\" data-id=\"ed8b207\" data-element_type=\"section\">\n\t\t\t\t\t\t<div class=\"elementor-container elementor-column-gap-default\">\n\t\t\t\t\t<div class=\"elementor-column elementor-col-100 elementor-top-column elementor-element elementor-element-9a5a9bb\" data-id=\"9a5a9bb\" data-element_type=\"column\">\n\t\t\t<div class=\"elementor-widget-wrap elementor-element-populated\">\n\t\t\t\t\t\t<div class=\"elementor-element elementor-element-18eac33 elementor-widget elementor-widget-text-editor\" data-id=\"18eac33\" data-element_type=\"widget\" data-widget_type=\"text-editor.default\">\n\t\t\t\t<div class=\"elementor-widget-container\">\n\t\t\t\t\t\t\t<p>Notre choix d\u2019accessoires simplifie encore plus l\u2019injection d\u2019agent de contraste \u00e0 l\u2019aide des consommables MEDTRON. Nous proposons des pointes \u00e0 ventilation et des mini-pointes pour un pr\u00e9l\u00e8vement s\u00fbr d\u2019agent de contraste et de solution physiologique. Notre robinet \u00e0 voie unique et nos robinets \u00e0 trois voies en diff\u00e9rentes versions permettent d\u2019interrompre et de reprendre en toute flexibilit\u00e9 le passage des liquides dans le cadre de l\u2019injection d\u2019agent de contraste. Nous proposons un robinet \u00e0 trois voies sp\u00e9cifique pour l\u2019injection \u00e0 haute pression en angiographie.<\/p>\t\t\t\t\t\t<\/div>\n\t\t\t\t<\/div>\n\t\t\t\t\t<\/div>\n\t\t<\/div>\n\t\t\t\t\t<\/div>\n\t\t<\/section>\n\t\t\t\t<section class=\"elementor-section elementor-top-section elementor-element elementor-element-3f6a696 elementor-section-boxed elementor-section-height-default elementor-section-height-default parallax_section_no qode_elementor_container_no\" data-id=\"3f6a696\" data-element_type=\"section\">\n\t\t\t\t\t\t<div class=\"elementor-container elementor-column-gap-default\">\n\t\t\t\t\t<div class=\"elementor-column elementor-col-100 elementor-top-column elementor-element elementor-element-9c5e3b0\" data-id=\"9c5e3b0\" data-element_type=\"column\">\n\t\t\t<div class=\"elementor-widget-wrap elementor-element-populated\">\n\t\t\t\t\t\t<div class=\"elementor-element elementor-element-215ee5d elementor-widget elementor-widget-bridge_portfolio_list\" data-id=\"215ee5d\" data-element_type=\"widget\" data-widget_type=\"bridge_portfolio_list.default\">\n\t\t\t\t<div class=\"elementor-widget-container\">\n\t\t\t<div class='projects_holder_outer v4 portfolio_with_space portfolio_standard'>\n        <div class='projects_holder portfolio_main_holder clearfix v4 standard portfolio_full_image portfolio_one_by_one'>\n        \n        <article class='mix portfolio_category_4 portfolio_category_25 portfolio_category_8 portfolio_category_89 default' style=''>\n    \n    \n    \n    \n            <div class=\"item_holder thin_plus_only\">\n\n                    <div class=\"text_holder\">\n        <div class=\"text_holder_outer\">\n            <div class=\"text_holder_inner\">\n                            <span class=\"thin_plus_only_icon\">+<\/span>\n                        <\/div>\n        <\/div>\n    <\/div>\n\n                                    <a itemprop=\"url\" class=\"portfolio_link_class\" title=\"Spike with Ventilation MU 314095-100\" href=\"https:\/\/medtron.zeitraum.dev\/fr\/verbrauchsmaterial\/detail\/spike-mit-belueftung-mu\/\"><\/a>\n                \n                <div style=\"background-color: #7070704D\" class=\"portfolio_shader\"><\/div>\n                <div class=\"image_holder\">\n                    \n<span class='image'><img fetchpriority=\"high\" decoding=\"async\" width=\"963\" height=\"700\" src=\"https:\/\/medtron.zeitraum.dev\/wp-content\/uploads\/2021\/10\/Spike-319095_963x700-1.png\" class=\"attachment-full size-full wp-post-image\" alt=\"Spike mit Bel\u00fcftung, Verbrauchsmaterial f\u00fcr eine Mehrfachverwendung f\u00fcr CT und MRT zum Einsatz im Rahmen des Day-Safe-Systems\" srcset=\"https:\/\/medtron.zeitraum.dev\/wp-content\/uploads\/2021\/10\/Spike-319095_963x700-1.png 963w, https:\/\/medtron.zeitraum.dev\/wp-content\/uploads\/2021\/10\/Spike-319095_963x700-1-300x218.png 300w, https:\/\/medtron.zeitraum.dev\/wp-content\/uploads\/2021\/10\/Spike-319095_963x700-1-768x558.png 768w, https:\/\/medtron.zeitraum.dev\/wp-content\/uploads\/2021\/10\/Spike-319095_963x700-1-18x12.png 18w, https:\/\/medtron.zeitraum.dev\/wp-content\/uploads\/2021\/10\/Spike-319095_963x700-1-700x509.png 700w\" sizes=\"(max-width: 963px) 100vw, 963px\" \/><\/span>                <\/div>\n            <\/div>\n\n                <div class='portfolio_description text_align_center' style=\"background-color:#FFFFFF;'\">\n\n        \n    <h4 itemprop=\"name\" class=\"portfolio_title entry_title\"><a itemprop=\"url\" href=\"https:\/\/medtron.zeitraum.dev\/fr\/verbrauchsmaterial\/detail\/spike-mit-belueftung-mu\/\"  target=\"_self\"> Spike with Ventilation MU 314095-100<\/a><\/h4>\n\n\n        \n            <span class=\"project_category\" style=\"color: #FFFFFF\" >\n    CT, Day Safe System, MR, Zubeh\u00f6r    <\/span>\n\n    <\/div>\n\n        \n<\/article>\n<article class='mix portfolio_category_103 portfolio_category_16 portfolio_category_89 default' style=''>\n    \n    \n    \n    \n            <div class=\"item_holder thin_plus_only\">\n\n                    <div class=\"text_holder\">\n        <div class=\"text_holder_outer\">\n            <div class=\"text_holder_inner\">\n                            <span class=\"thin_plus_only_icon\">+<\/span>\n                        <\/div>\n        <\/div>\n    <\/div>\n\n                                    <a itemprop=\"url\" class=\"portfolio_link_class\" title=\"HDW 526 High Pressure\nThree-Way Stop Cock 315087-100\" href=\"https:\/\/medtron.zeitraum.dev\/fr\/verbrauchsmaterial\/detail\/hdw-526-hochdruck-dreiwegehahn\/\"><\/a>\n                \n                <div style=\"background-color: #7070704D\" class=\"portfolio_shader\"><\/div>\n                <div class=\"image_holder\">\n                    \n<span class='image'><img decoding=\"async\" width=\"963\" height=\"700\" src=\"https:\/\/medtron.zeitraum.dev\/wp-content\/uploads\/2021\/10\/315087-100-901.jpg\" class=\"attachment-full size-full wp-post-image\" alt=\"HDW 526 Hochdruck Dreiwegehahn, Verbrauchsmaterial f\u00fcr Angiographie\" srcset=\"https:\/\/medtron.zeitraum.dev\/wp-content\/uploads\/2021\/10\/315087-100-901.jpg 963w, https:\/\/medtron.zeitraum.dev\/wp-content\/uploads\/2021\/10\/315087-100-901-300x218.jpg 300w, https:\/\/medtron.zeitraum.dev\/wp-content\/uploads\/2021\/10\/315087-100-901-768x558.jpg 768w, https:\/\/medtron.zeitraum.dev\/wp-content\/uploads\/2021\/10\/315087-100-901-700x509.jpg 700w\" sizes=\"(max-width: 963px) 100vw, 963px\" \/><\/span>                <\/div>\n            <\/div>\n\n                <div class='portfolio_description text_align_center' style=\"background-color:#FFFFFF;'\">\n\n        \n    <h4 itemprop=\"name\" class=\"portfolio_title entry_title\"><a itemprop=\"url\" href=\"https:\/\/medtron.zeitraum.dev\/fr\/verbrauchsmaterial\/detail\/hdw-526-hochdruck-dreiwegehahn\/\"  target=\"_self\"> HDW 526 High Pressure\nThree-Way Stop Cock 315087-100<\/a><\/h4>\n\n\n        \n            <span class=\"project_category\" style=\"color: #FFFFFF\" >\n    Einmalgebrauch, HP, Zubeh\u00f6r    <\/span>\n\n    <\/div>\n\n        \n<\/article>\n<article class='mix portfolio_category_4 portfolio_category_103 portfolio_category_8 portfolio_category_89 default' style=''>\n    \n    \n    \n    \n            <div class=\"item_holder thin_plus_only\">\n\n                    <div class=\"text_holder\">\n        <div class=\"text_holder_outer\">\n            <div class=\"text_holder_inner\">\n                            <span class=\"thin_plus_only_icon\">+<\/span>\n                        <\/div>\n        <\/div>\n    <\/div>\n\n                                    <a itemprop=\"url\" class=\"portfolio_link_class\" title=\"DW 229 Patient Line with\nThree-Way Stop Cock 318042-100\" href=\"https:\/\/medtron.zeitraum.dev\/fr\/verbrauchsmaterial\/detail\/dw-229-patientenanschluss-mit-dreiwegehahn\/\"><\/a>\n                \n                <div style=\"background-color: #7070704D\" class=\"portfolio_shader\"><\/div>\n                <div class=\"image_holder\">\n                    \n<span class='image'><img decoding=\"async\" width=\"1920\" height=\"1400\" src=\"https:\/\/medtron.zeitraum.dev\/wp-content\/uploads\/2021\/10\/318042-100.jpg\" class=\"attachment-full size-full wp-post-image\" alt=\"DW 229 Patientenanschluss mit Dreiwegehahn, Verbrauchsmaterial f\u00fcr CT und MRT\" srcset=\"https:\/\/medtron.zeitraum.dev\/wp-content\/uploads\/2021\/10\/318042-100.jpg 1920w, https:\/\/medtron.zeitraum.dev\/wp-content\/uploads\/2021\/10\/318042-100-300x219.jpg 300w, https:\/\/medtron.zeitraum.dev\/wp-content\/uploads\/2021\/10\/318042-100-1024x747.jpg 1024w, https:\/\/medtron.zeitraum.dev\/wp-content\/uploads\/2021\/10\/318042-100-768x560.jpg 768w, https:\/\/medtron.zeitraum.dev\/wp-content\/uploads\/2021\/10\/318042-100-1536x1120.jpg 1536w, https:\/\/medtron.zeitraum.dev\/wp-content\/uploads\/2021\/10\/318042-100-16x12.jpg 16w, https:\/\/medtron.zeitraum.dev\/wp-content\/uploads\/2021\/10\/318042-100-700x510.jpg 700w\" sizes=\"(max-width: 1920px) 100vw, 1920px\" \/><\/span>                <\/div>\n            <\/div>\n\n                <div class='portfolio_description text_align_center' style=\"background-color:#FFFFFF;'\">\n\n        \n    <h4 itemprop=\"name\" class=\"portfolio_title entry_title\"><a itemprop=\"url\" href=\"https:\/\/medtron.zeitraum.dev\/fr\/verbrauchsmaterial\/detail\/dw-229-patientenanschluss-mit-dreiwegehahn\/\"  target=\"_self\"> DW 229 Patient Line with\nThree-Way Stop Cock 318042-100<\/a><\/h4>\n\n\n        \n            <span class=\"project_category\" style=\"color: #FFFFFF\" >\n    CT, Einmalgebrauch, MR, Zubeh\u00f6r    <\/span>\n\n    <\/div>\n\n        \n<\/article>\n<article class='mix portfolio_category_4 portfolio_category_103 portfolio_category_8 portfolio_category_89 default' style=''>\n    \n    \n    \n    \n            <div class=\"item_holder thin_plus_only\">\n\n                    <div class=\"text_holder\">\n        <div class=\"text_holder_outer\">\n            <div class=\"text_holder_inner\">\n                            <span class=\"thin_plus_only_icon\">+<\/span>\n                        <\/div>\n        <\/div>\n    <\/div>\n\n                                    <a itemprop=\"url\" class=\"portfolio_link_class\" title=\"DW 226 Dreiwegehahn 319085-100\" href=\"https:\/\/medtron.zeitraum.dev\/fr\/verbrauchsmaterial\/detail\/dw-226-dreiwegehahn\/\"><\/a>\n                \n                <div style=\"background-color: #7070704D\" class=\"portfolio_shader\"><\/div>\n                <div class=\"image_holder\">\n                    \n<span class='image'><img loading=\"lazy\" decoding=\"async\" width=\"963\" height=\"700\" src=\"https:\/\/medtron.zeitraum.dev\/wp-content\/uploads\/2021\/10\/319085-000.jpg\" class=\"attachment-full size-full wp-post-image\" alt=\"DW 226 Dreiwegehahn, Verbrauchsmaterial f\u00fcr CT und MRT\" srcset=\"https:\/\/medtron.zeitraum.dev\/wp-content\/uploads\/2021\/10\/319085-000.jpg 963w, https:\/\/medtron.zeitraum.dev\/wp-content\/uploads\/2021\/10\/319085-000-300x218.jpg 300w, https:\/\/medtron.zeitraum.dev\/wp-content\/uploads\/2021\/10\/319085-000-768x558.jpg 768w, https:\/\/medtron.zeitraum.dev\/wp-content\/uploads\/2021\/10\/319085-000-700x509.jpg 700w\" sizes=\"(max-width: 963px) 100vw, 963px\" \/><\/span>                <\/div>\n            <\/div>\n\n                <div class='portfolio_description text_align_center' style=\"background-color:#FFFFFF;'\">\n\n        \n    <h4 itemprop=\"name\" class=\"portfolio_title entry_title\"><a itemprop=\"url\" href=\"https:\/\/medtron.zeitraum.dev\/fr\/verbrauchsmaterial\/detail\/dw-226-dreiwegehahn\/\"  target=\"_self\"> DW 226 Dreiwegehahn 319085-100<\/a><\/h4>\n\n\n        \n            <span class=\"project_category\" style=\"color: #FFFFFF\" >\n    CT, Einmalgebrauch, MR, Zubeh\u00f6r    <\/span>\n\n    <\/div>\n\n        \n<\/article>\n<article class='mix portfolio_category_4 portfolio_category_103 portfolio_category_8 portfolio_category_89 default' style=''>\n    \n    \n    \n    \n            <div class=\"item_holder thin_plus_only\">\n\n                    <div class=\"text_holder\">\n        <div class=\"text_holder_outer\">\n            <div class=\"text_holder_inner\">\n                            <span class=\"thin_plus_only_icon\">+<\/span>\n                        <\/div>\n        <\/div>\n    <\/div>\n\n                                    <a itemprop=\"url\" class=\"portfolio_link_class\" title=\"Minispike, green 319099-100\" href=\"https:\/\/medtron.zeitraum.dev\/fr\/verbrauchsmaterial\/detail\/minispike-gruen-luer-lock\/\"><\/a>\n                \n                <div style=\"background-color: #7070704D\" class=\"portfolio_shader\"><\/div>\n                <div class=\"image_holder\">\n                    \n<span class='image'><img loading=\"lazy\" decoding=\"async\" width=\"963\" height=\"700\" src=\"https:\/\/medtron.zeitraum.dev\/wp-content\/uploads\/2021\/10\/Spike-319099_963x700.png\" class=\"attachment-full size-full wp-post-image\" alt=\"Minispike gr\u00fcn mit Luer Lock, Verbrauchsmaterial f\u00fcr CT, MRT und Angiographie\" srcset=\"https:\/\/medtron.zeitraum.dev\/wp-content\/uploads\/2021\/10\/Spike-319099_963x700.png 963w, https:\/\/medtron.zeitraum.dev\/wp-content\/uploads\/2021\/10\/Spike-319099_963x700-300x218.png 300w, https:\/\/medtron.zeitraum.dev\/wp-content\/uploads\/2021\/10\/Spike-319099_963x700-768x558.png 768w, https:\/\/medtron.zeitraum.dev\/wp-content\/uploads\/2021\/10\/Spike-319099_963x700-18x12.png 18w, https:\/\/medtron.zeitraum.dev\/wp-content\/uploads\/2021\/10\/Spike-319099_963x700-700x509.png 700w\" sizes=\"(max-width: 963px) 100vw, 963px\" \/><\/span>                <\/div>\n            <\/div>\n\n                <div class='portfolio_description text_align_center' style=\"background-color:#FFFFFF;'\">\n\n        \n    <h4 itemprop=\"name\" class=\"portfolio_title entry_title\"><a itemprop=\"url\" href=\"https:\/\/medtron.zeitraum.dev\/fr\/verbrauchsmaterial\/detail\/minispike-gruen-luer-lock\/\"  target=\"_self\"> Minispike, green 319099-100<\/a><\/h4>\n\n\n        \n            <span class=\"project_category\" style=\"color: #FFFFFF\" >\n    CT, Einmalgebrauch, MR, Zubeh\u00f6r    <\/span>\n\n    <\/div>\n\n        \n<\/article>\n        <div class='filler'><\/div>\n            <div class='filler'><\/div>\n            <div class='filler'><\/div>\n            <div class='filler'><\/div>\n        <\/div>\n\n    \n    <\/div>\t\t<\/div>\n\t\t\t\t<\/div>\n\t\t\t\t\t<\/div>\n\t\t<\/div>\n\t\t\t\t\t<\/div>\n\t\t<\/section>\n\t\t\t\t<\/div>","protected":false},"excerpt":{"rendered":"<p>Zubeh\u00f6r Verbrauchsmaterial Unsere Auswahl an Zubeh\u00f6r macht die Kontrastmittelinjektion mit MEDTRON Verbrauchsmaterialien noch einfacher. F\u00fcr die sichere Entnahme von Kontrastmittel und Kochsalzl\u00f6sung haben wir Spikes mit Bel\u00fcftung und Minispikes im Angebot. Mit unserem Einwegehahn und den Dreiwegeh\u00e4hnen in diversen Ausf\u00fchrungen kann die Durchleitung der Fl\u00fcssigkeiten&#8230;<\/p>","protected":false},"author":97,"featured_media":10914,"parent":1483,"menu_order":6,"comment_status":"closed","ping_status":"closed","template":"","meta":{"footnotes":""},"class_list":["post-1554","page","type-page","status-publish","has-post-thumbnail","hentry"],"_links":{"self":[{"href":"https:\/\/medtron.zeitraum.dev\/fr\/wp-json\/wp\/v2\/pages\/1554","targetHints":{"allow":["GET"]}}],"collection":[{"href":"https:\/\/medtron.zeitraum.dev\/fr\/wp-json\/wp\/v2\/pages"}],"about":[{"href":"https:\/\/medtron.zeitraum.dev\/fr\/wp-json\/wp\/v2\/types\/page"}],"author":[{"embeddable":true,"href":"https:\/\/medtron.zeitraum.dev\/fr\/wp-json\/wp\/v2\/users\/97"}],"replies":[{"embeddable":true,"href":"https:\/\/medtron.zeitraum.dev\/fr\/wp-json\/wp\/v2\/comments?post=1554"}],"version-history":[{"count":0,"href":"https:\/\/medtron.zeitraum.dev\/fr\/wp-json\/wp\/v2\/pages\/1554\/revisions"}],"up":[{"embeddable":true,"href":"https:\/\/medtron.zeitraum.dev\/fr\/wp-json\/wp\/v2\/pages\/1483"}],"wp:featuredmedia":[{"embeddable":true,"href":"https:\/\/medtron.zeitraum.dev\/fr\/wp-json\/wp\/v2\/media\/10914"}],"wp:attachment":[{"href":"https:\/\/medtron.zeitraum.dev\/fr\/wp-json\/wp\/v2\/media?parent=1554"}],"curies":[{"name":"wp","href":"https:\/\/api.w.org\/{rel}","templated":true}]}}