{"id":3465,"date":"2022-01-24T15:59:05","date_gmt":"2022-01-24T13:59:05","guid":{"rendered":"https:\/\/medtronv2.bluealpha.de\/?page_id=3465"},"modified":"2023-12-11T10:18:15","modified_gmt":"2023-12-11T08:18:15","slug":"impressum","status":"publish","type":"page","link":"https:\/\/medtron.zeitraum.dev\/es\/impressum\/","title":{"rendered":"Aviso Legal"},"content":{"rendered":"<div data-elementor-type=\"wp-page\" data-elementor-id=\"3465\" class=\"elementor elementor-3465\">\n\t\t\t\t\t\t<section class=\"elementor-section elementor-top-section elementor-element elementor-element-3fea6794 content-block elementor-section-boxed elementor-section-height-default elementor-section-height-default parallax_section_no qode_elementor_container_no\" data-id=\"3fea6794\" data-element_type=\"section\">\n\t\t\t\t\t\t<div class=\"elementor-container elementor-column-gap-default\">\n\t\t\t\t\t<div class=\"elementor-column elementor-col-100 elementor-top-column elementor-element elementor-element-76f40478\" data-id=\"76f40478\" data-element_type=\"column\">\n\t\t\t<div class=\"elementor-widget-wrap elementor-element-populated\">\n\t\t\t\t\t\t<section class=\"elementor-section elementor-inner-section elementor-element elementor-element-5fa4f652 elementor-section-boxed elementor-section-height-default elementor-section-height-default parallax_section_no qode_elementor_container_no\" data-id=\"5fa4f652\" data-element_type=\"section\">\n\t\t\t\t\t\t<div class=\"elementor-container elementor-column-gap-default\">\n\t\t\t\t\t<div class=\"elementor-column elementor-col-50 elementor-inner-column elementor-element elementor-element-6474eb58\" data-id=\"6474eb58\" data-element_type=\"column\">\n\t\t\t<div class=\"elementor-widget-wrap elementor-element-populated\">\n\t\t\t\t\t\t<div class=\"elementor-element elementor-element-45cfed40 elementor-widget elementor-widget-spacer\" data-id=\"45cfed40\" data-element_type=\"widget\" data-widget_type=\"spacer.default\">\n\t\t\t\t<div class=\"elementor-widget-container\">\n\t\t\t<style>\/*! elementor - v3.23.0 - 15-07-2024 *\/\n.elementor-column .elementor-spacer-inner{height:var(--spacer-size)}.e-con{--container-widget-width:100%}.e-con-inner>.elementor-widget-spacer,.e-con>.elementor-widget-spacer{width:var(--container-widget-width,var(--spacer-size));--align-self:var(--container-widget-align-self,initial);--flex-shrink:0}.e-con-inner>.elementor-widget-spacer>.elementor-widget-container,.e-con>.elementor-widget-spacer>.elementor-widget-container{height:100%;width:100%}.e-con-inner>.elementor-widget-spacer>.elementor-widget-container>.elementor-spacer,.e-con>.elementor-widget-spacer>.elementor-widget-container>.elementor-spacer{height:100%}.e-con-inner>.elementor-widget-spacer>.elementor-widget-container>.elementor-spacer>.elementor-spacer-inner,.e-con>.elementor-widget-spacer>.elementor-widget-container>.elementor-spacer>.elementor-spacer-inner{height:var(--container-widget-height,var(--spacer-size))}.e-con-inner>.elementor-widget-spacer.elementor-widget-empty,.e-con>.elementor-widget-spacer.elementor-widget-empty{position:relative;min-height:22px;min-width:22px}.e-con-inner>.elementor-widget-spacer.elementor-widget-empty .elementor-widget-empty-icon,.e-con>.elementor-widget-spacer.elementor-widget-empty .elementor-widget-empty-icon{position:absolute;top:0;bottom:0;left:0;right:0;margin:auto;padding:0;width:22px;height:22px}<\/style>\t\t<div class=\"elementor-spacer\">\n\t\t\t<div class=\"elementor-spacer-inner\"><\/div>\n\t\t<\/div>\n\t\t\t\t<\/div>\n\t\t\t\t<\/div>\n\t\t\t\t<div class=\"elementor-element elementor-element-37722d30 elementor-widget elementor-widget-heading\" data-id=\"37722d30\" data-element_type=\"widget\" data-widget_type=\"heading.default\">\n\t\t\t\t<div class=\"elementor-widget-container\">\n\t\t\t<style>\/*! elementor - v3.23.0 - 15-07-2024 *\/\n.elementor-heading-title{padding:0;margin:0;line-height:1}.elementor-widget-heading .elementor-heading-title[class*=elementor-size-]>a{color:inherit;font-size:inherit;line-height:inherit}.elementor-widget-heading .elementor-heading-title.elementor-size-small{font-size:15px}.elementor-widget-heading .elementor-heading-title.elementor-size-medium{font-size:19px}.elementor-widget-heading .elementor-heading-title.elementor-size-large{font-size:29px}.elementor-widget-heading .elementor-heading-title.elementor-size-xl{font-size:39px}.elementor-widget-heading .elementor-heading-title.elementor-size-xxl{font-size:59px}<\/style><h2 class=\"elementor-heading-title elementor-size-default\">Aviso Legal<\/h2>\t\t<\/div>\n\t\t\t\t<\/div>\n\t\t\t\t<div class=\"elementor-element elementor-element-6da63724 elementor-widget elementor-widget-text-editor\" data-id=\"6da63724\" data-element_type=\"widget\" data-widget_type=\"text-editor.default\">\n\t\t\t\t<div class=\"elementor-widget-container\">\n\t\t\t<style>\/*! elementor - v3.23.0 - 15-07-2024 *\/\n.elementor-widget-text-editor.elementor-drop-cap-view-stacked .elementor-drop-cap{background-color:#69727d;color:#fff}.elementor-widget-text-editor.elementor-drop-cap-view-framed .elementor-drop-cap{color:#69727d;border:3px solid;background-color:transparent}.elementor-widget-text-editor:not(.elementor-drop-cap-view-default) .elementor-drop-cap{margin-top:8px}.elementor-widget-text-editor:not(.elementor-drop-cap-view-default) .elementor-drop-cap-letter{width:1em;height:1em}.elementor-widget-text-editor .elementor-drop-cap{float:left;text-align:center;line-height:1;font-size:50px}.elementor-widget-text-editor .elementor-drop-cap-letter{display:inline-block}<\/style>\t\t\t\t<h3>MEDTRON AG<\/h3>\t\t\t\t\t\t<\/div>\n\t\t\t\t<\/div>\n\t\t\t\t\t<\/div>\n\t\t<\/div>\n\t\t\t\t<div class=\"elementor-column elementor-col-50 elementor-inner-column elementor-element elementor-element-7da38c67\" data-id=\"7da38c67\" data-element_type=\"column\">\n\t\t\t<div class=\"elementor-widget-wrap\">\n\t\t\t\t\t\t\t<\/div>\n\t\t<\/div>\n\t\t\t\t\t<\/div>\n\t\t<\/section>\n\t\t\t\t\t<\/div>\n\t\t<\/div>\n\t\t\t\t\t<\/div>\n\t\t<\/section>\n\t\t\t\t<section class=\"elementor-section elementor-top-section elementor-element elementor-element-38ff259 elementor-section-boxed elementor-section-height-default elementor-section-height-default parallax_section_no qode_elementor_container_no\" data-id=\"38ff259\" data-element_type=\"section\">\n\t\t\t\t\t\t<div class=\"elementor-container elementor-column-gap-default\">\n\t\t\t\t\t<div class=\"elementor-column elementor-col-100 elementor-top-column elementor-element elementor-element-3afffe8\" data-id=\"3afffe8\" data-element_type=\"column\">\n\t\t\t<div class=\"elementor-widget-wrap elementor-element-populated\">\n\t\t\t\t\t\t<div class=\"elementor-element elementor-element-14747a2 elementor-widget elementor-widget-text-editor\" data-id=\"14747a2\" data-element_type=\"widget\" data-widget_type=\"text-editor.default\">\n\t\t\t\t<div class=\"elementor-widget-container\">\n\t\t\t\t\t\t\t<p>Hauptstrasse 255<br \/>66128 Saarbr\u00fccken<br \/>Alemania<\/p><p>\u00a0<\/p><p><a href=\"tel:0049681970170\">+49 (0) 681 970 17-0<\/a><br \/><a href=\"tel:00496819701720\">+49 (0) 681 970 17-20<\/a><\/p><p><a href=\"mailto:info@medtron.com\">info(at)medtron.com<\/a><br \/><a href=\"https:\/\/medtron.zeitraum.dev\/es\/\" target=\"_blank\" rel=\"noopener\">www.medtron.com<\/a><\/p><p>\u00a0<\/p><p><strong>Presidente de la Junta Directiva:<\/strong><\/p><p>Prof. Dr. Dr. G\u00fcnter Brill<\/p><p>\u00a0<\/p><p><strong>Junta Directiva:<\/strong><\/p><p>Markus Bappert<\/p><p>\u00a0<\/p><p><strong>Tribunal de registro:<\/strong><\/p><p>Tribunal de Distrito de Saarbr\u00fccken<br \/>N\u00famero de registro: HRB 13752<\/p><p>\u00a0<\/p><p><strong>N\u00famero de identificaci\u00f3n fiscal (UID) conforme al art\u00edculo 27a de la Ley del Impuesto sobre las Ventas:<\/strong><\/p><p>DE 138167008<br \/>Inhaltlich Verantwortlicher nach \u00a7 10 Absatz 3 MDStV und nach \u00a7 55 II RStV: Markus Bappert<\/p><h4>\u00a0<\/h4><h4>DERECHOS DE AUTOR<\/h4><p>MEDTRON AG gestiona este sitio web. A menos que se indique lo contrario, el contenido, la informaci\u00f3n y los documentos de esta p\u00e1gina web son propiedad intelectual de MEDTRON AG y est\u00e1n protegidos por la ley alemana de derechos de autor (UrhG) y los acuerdos sobre derechos de autor y marcas comerciales vigentes en todo el mundo.<\/p><h4>\u00a0<\/h4><h4>EXENCI\u00d3N DE RESPONSABILIDAD<\/h4><p>MEDTRON AG no asume ninguna responsabilidad por la actualidad, exactitud e integridad de la oferta de Internet proporcionada bajo el dominio www.medtron.com o www.medtron.de. Por lo tanto, se rechazar\u00e1n las reclamaciones de responsabilidad contra MEDTRON AG relativas a da\u00f1os causados por el uso de cualquier informaci\u00f3n proporcionada, incluido cualquier tipo de informaci\u00f3n que sea incompleta o incorrecta, a menos que se pueda demostrar que MEDTRON AG actu\u00f3 con intenci\u00f3n o negligencia grave. Todas las ofertas est\u00e1n sujetas a cambios y no son vinculantes. MEDTRON AG se reserva expresamente el derecho a modificar, completar, borrar o suspender, temporal o definitivamente, sin previo aviso, la publicaci\u00f3n de partes, p\u00e1ginas o de todo el sitio web.<\/p><h4>\u00a0<\/h4><h4>ENLACES A SITIOS WEB EXTERNOS<\/h4><p>Los contenidos ofrecidos bajo el dominio www.medtron.com o www.medtron.de contienen referencias a ofertas externas de Internet (enlaces externos). Los contenidos de estas p\u00e1ginas enlazadas no est\u00e1n bajo el control de MEDTRON AG, ni MEDTRON AG es responsable de los contenidos de las p\u00e1ginas enlazadas.<\/p><p><a href=\"https:\/\/de.freepik.com\/vektoren-kostenlos\/social-media-icons-vektorset-mit-facebook-instagram-twitter-tiktok-youtube-logos_17221195.htm#query=socialmediaicons&amp;position=2&amp;from_view=keyword\">Iconos de redes sociales de rawpixel.com<\/a> en Freepik<\/p>\t\t\t\t\t\t<\/div>\n\t\t\t\t<\/div>\n\t\t\t\t<div class=\"elementor-element elementor-element-0c4bbf3 elementor-widget elementor-widget-spacer\" data-id=\"0c4bbf3\" data-element_type=\"widget\" data-widget_type=\"spacer.default\">\n\t\t\t\t<div class=\"elementor-widget-container\">\n\t\t\t\t\t<div class=\"elementor-spacer\">\n\t\t\t<div class=\"elementor-spacer-inner\"><\/div>\n\t\t<\/div>\n\t\t\t\t<\/div>\n\t\t\t\t<\/div>\n\t\t\t\t\t<\/div>\n\t\t<\/div>\n\t\t\t\t\t<\/div>\n\t\t<\/section>\n\t\t\t\t<\/div>","protected":false},"excerpt":{"rendered":"<p>Impressum MEDTRON AG Hauptstrasse 25566128 Saarbr\u00fcckenDEUTSCHLAND \u00a0 +49 (0) 681 970 17-0+49 (0) 681 970 17-20 info(at)medtron.comwww.medtron.com \u00a0 Aufsichtsratsvorsitzender: Prof. Dr. Dr. G\u00fcnter Brill \u00a0 Vorstand: Markus Bappert \u00a0 Registergericht: Amtsgericht Saarbr\u00fcckenRegisternummer: HRB 13752 \u00a0 Umsatzsteuer-Identifikationsnummer (UID) gem\u00e4\u00df \u00a7 27a Umsatzsteuergesetz: DE 138167008Inhaltlich Verantwortlicher nach&#8230;<\/p>","protected":false},"author":97,"featured_media":10924,"parent":0,"menu_order":0,"comment_status":"closed","ping_status":"closed","template":"","meta":{"footnotes":""},"class_list":["post-3465","page","type-page","status-publish","has-post-thumbnail","hentry"],"_links":{"self":[{"href":"https:\/\/medtron.zeitraum.dev\/es\/wp-json\/wp\/v2\/pages\/3465","targetHints":{"allow":["GET"]}}],"collection":[{"href":"https:\/\/medtron.zeitraum.dev\/es\/wp-json\/wp\/v2\/pages"}],"about":[{"href":"https:\/\/medtron.zeitraum.dev\/es\/wp-json\/wp\/v2\/types\/page"}],"author":[{"embeddable":true,"href":"https:\/\/medtron.zeitraum.dev\/es\/wp-json\/wp\/v2\/users\/97"}],"replies":[{"embeddable":true,"href":"https:\/\/medtron.zeitraum.dev\/es\/wp-json\/wp\/v2\/comments?post=3465"}],"version-history":[{"count":0,"href":"https:\/\/medtron.zeitraum.dev\/es\/wp-json\/wp\/v2\/pages\/3465\/revisions"}],"wp:featuredmedia":[{"embeddable":true,"href":"https:\/\/medtron.zeitraum.dev\/es\/wp-json\/wp\/v2\/media\/10924"}],"wp:attachment":[{"href":"https:\/\/medtron.zeitraum.dev\/es\/wp-json\/wp\/v2\/media?parent=3465"}],"curies":[{"name":"wp","href":"https:\/\/api.w.org\/{rel}","templated":true}]}}